{"id":2972,"date":"2023-09-20T23:10:43","date_gmt":"2023-09-20T21:10:43","guid":{"rendered":"https:\/\/letsflowers.com\/?page_id=2972"},"modified":"2024-01-09T12:08:34","modified_gmt":"2024-01-09T17:08:34","slug":"events","status":"publish","type":"page","link":"https:\/\/letsflowers.com\/es\/events\/","title":{"rendered":"Eventos"},"content":{"rendered":"<div class=\"wp-block-uagb-info-box uagb-block-b1070990 uagb-infobox__content-wrap  uagb-infobox-icon-above-title uagb-infobox-image-valign-top\"><div class=\"uagb-ifb-content\"><div class=\"uagb-ifb-icon-wrap\"><svg xmlns=\"https:\/\/www.w3.org\/2000\/svg\" viewbox=\"0 0 512 512\"><path d=\"M0 256C0 114.6 114.6 0 256 0C397.4 0 512 114.6 512 256C512 397.4 397.4 512 256 512C114.6 512 0 397.4 0 256zM371.8 211.8C382.7 200.9 382.7 183.1 371.8 172.2C360.9 161.3 343.1 161.3 332.2 172.2L224 280.4L179.8 236.2C168.9 225.3 151.1 225.3 140.2 236.2C129.3 247.1 129.3 264.9 140.2 275.8L204.2 339.8C215.1 350.7 232.9 350.7 243.8 339.8L371.8 211.8z\"><\/path><\/svg><\/div><div class=\"uagb-ifb-title-wrap\"><h3 class=\"uagb-ifb-title\"><strong>Events planner service<\/strong><br><br>Creating unforgettable moments and seamless celebrations, our event planner service is your key to a stress-free, picture-perfect day. From start to finish, we handle every detail, allowing you to savor every moment of your special day. Let us bring your dream wedding to life.<br><br><img loading=\"lazy\" decoding=\"async\" width=\"2560\" height=\"1709\" class=\"wp-image-3154\" style=\"width: 650px;\" src=\"https:\/\/letsflowers.com\/wp-content\/uploads\/2023\/10\/wedding-lets-1-scaled.jpg\" alt=\"\" srcset=\"https:\/\/letsflowers.com\/wp-content\/uploads\/2023\/10\/wedding-lets-1-scaled.jpg 2560w, https:\/\/letsflowers.com\/wp-content\/uploads\/2023\/10\/wedding-lets-1-300x200.jpg 300w, https:\/\/letsflowers.com\/wp-content\/uploads\/2023\/10\/wedding-lets-1-1024x684.jpg 1024w, https:\/\/letsflowers.com\/wp-content\/uploads\/2023\/10\/wedding-lets-1-768x513.jpg 768w, https:\/\/letsflowers.com\/wp-content\/uploads\/2023\/10\/wedding-lets-1-1536x1025.jpg 1536w, https:\/\/letsflowers.com\/wp-content\/uploads\/2023\/10\/wedding-lets-1-2048x1367.jpg 2048w, https:\/\/letsflowers.com\/wp-content\/uploads\/2023\/10\/wedding-lets-1-18x12.jpg 18w, https:\/\/letsflowers.com\/wp-content\/uploads\/2023\/10\/wedding-lets-1-600x401.jpg 600w\" sizes=\"(max-width: 2560px) 100vw, 2560px\" \/><br><br><br><strong>Catering<\/strong><br><br>Saborea el sabor de la excelencia con nuestro servicio de catering. Nos especializamos en crear experiencias culinarias deliciosas para cualquier ocasi\u00f3n. Desde deliciosos aperitivos hasta suntuosos platos principales y exquisitos postres, nuestros chefs expertos y nuestro atento personal garantizan que su evento sea una delicia culinaria.<br><br><img loading=\"lazy\" decoding=\"async\" width=\"687\" height=\"467\" class=\"wp-image-3156\" style=\"width: 650px;\" src=\"https:\/\/letsflowers.com\/wp-content\/uploads\/2023\/10\/caterin.png\" alt=\"\" srcset=\"https:\/\/letsflowers.com\/wp-content\/uploads\/2023\/10\/caterin.png 687w, https:\/\/letsflowers.com\/wp-content\/uploads\/2023\/10\/caterin-300x204.png 300w, https:\/\/letsflowers.com\/wp-content\/uploads\/2023\/10\/caterin-18x12.png 18w, https:\/\/letsflowers.com\/wp-content\/uploads\/2023\/10\/caterin-600x408.png 600w\" sizes=\"(max-width: 687px) 100vw, 687px\" \/><br><br><br><strong>Empresas<\/strong><br><br>Parece que est\u00e1 buscando tipos de eventos que una empresa podr\u00eda ofrecer como servicios. Las empresas suelen ofrecer una gama de servicios de planificaci\u00f3n y gesti\u00f3n de eventos para satisfacer diversas necesidades. A continuaci\u00f3n se muestran algunos servicios comunes para eventos de empresa.<br><br><img loading=\"lazy\" decoding=\"async\" width=\"692\" height=\"410\" class=\"wp-image-3158\" style=\"width: 650px;\" src=\"https:\/\/letsflowers.com\/wp-content\/uploads\/2023\/10\/empresarial.png\" alt=\"\" srcset=\"https:\/\/letsflowers.com\/wp-content\/uploads\/2023\/10\/empresarial.png 692w, https:\/\/letsflowers.com\/wp-content\/uploads\/2023\/10\/empresarial-300x178.png 300w, https:\/\/letsflowers.com\/wp-content\/uploads\/2023\/10\/empresarial-18x12.png 18w, https:\/\/letsflowers.com\/wp-content\/uploads\/2023\/10\/empresarial-600x355.png 600w\" sizes=\"(max-width: 692px) 100vw, 692px\" \/><br><br><br><br><strong>Fiestas T\u00e9maticas<\/strong><br><br>Transforma tu celebraci\u00f3n en una experiencia m\u00e1gica con nuestras fiestas tem\u00e1ticas. Ya sea un fant\u00e1stico cuento de hadas, una glamorosa velada de Hollywood o un luau tropical, creamos eventos inmersivos que lo transportar\u00e1n a un mundo diferente.<br><br> <br><img loading=\"lazy\" decoding=\"async\" width=\"608\" height=\"523\" class=\"wp-image-3264\" style=\"width: 650px;\" src=\"https:\/\/letsflowers.com\/wp-content\/uploads\/2023\/10\/nninna.png\" alt=\"\" srcset=\"https:\/\/letsflowers.com\/wp-content\/uploads\/2023\/10\/nninna.png 608w, https:\/\/letsflowers.com\/wp-content\/uploads\/2023\/10\/nninna-300x258.png 300w, https:\/\/letsflowers.com\/wp-content\/uploads\/2023\/10\/nninna-14x12.png 14w, https:\/\/letsflowers.com\/wp-content\/uploads\/2023\/10\/nninna-600x516.png 600w\" sizes=\"(max-width: 608px) 100vw, 608px\" \/><br><\/h3><\/div><\/div><\/div>\n\n\n\n<h2 class=\"wp-block-heading\">Contact us to do your event<\/h2>\n\n\n<div class=\"wpforms-container wpforms-block wpforms-block-f76589ba-5567-4850-9a91-943aee813c26\" id=\"wpforms-3249\"><form id=\"wpforms-form-3249\" class=\"wpforms-validate wpforms-form wpforms-ajax-form\" data-formid=\"3249\" method=\"post\" enctype=\"multipart\/form-data\" action=\"\/es\/wp-json\/wp\/v2\/pages\/2972\" data-token=\"d1c9a3ff4ed159fdb3d01720faea61ad\" data-trp-original-action=\"\/es\/wp-json\/wp\/v2\/pages\/2972\"><noscript class=\"wpforms-error-noscript\">Por favor, activa JavaScript en tu navegador para completar este formulario.<\/noscript><div class=\"wpforms-field-container\"><div id=\"wpforms-3249-field_3-container\" class=\"wpforms-field wpforms-field-name\" data-field-id=\"3\"><label class=\"wpforms-field-label\" for=\"wpforms-3249-field_3\">Nombre <span class=\"wpforms-required-label\">*<\/span><\/label><div class=\"wpforms-field-row wpforms-field-medium\"><div class=\"wpforms-field-row-block wpforms-first wpforms-one-half\"><input type=\"text\" id=\"wpforms-3249-field_3\" class=\"wpforms-field-name-first wpforms-field-required\" name=\"wpforms[fields][3][first]\" required><label for=\"wpforms-3249-field_3\" class=\"wpforms-field-sublabel after\">Nombre<\/label><\/div><div class=\"wpforms-field-row-block wpforms-one-half\"><input type=\"text\" id=\"wpforms-3249-field_3-last\" class=\"wpforms-field-name-last wpforms-field-required\" name=\"wpforms[fields][3][last]\" required><label for=\"wpforms-3249-field_3-last\" class=\"wpforms-field-sublabel after\">Apellidos<\/label><\/div><\/div><\/div><div id=\"wpforms-3249-field_1-container\" class=\"wpforms-field wpforms-field-email\" data-field-id=\"1\"><label class=\"wpforms-field-label\" for=\"wpforms-3249-field_1\">Email <span class=\"wpforms-required-label\">*<\/span><\/label><input type=\"email\" id=\"wpforms-3249-field_1\" class=\"wpforms-field-medium wpforms-field-required\" name=\"wpforms[fields][1]\" spellcheck=\"false\" required><\/div><div id=\"wpforms-3249-field_4-container\" class=\"wpforms-field wpforms-field-number\" data-field-id=\"4\"><label class=\"wpforms-field-label\" for=\"wpforms-3249-field_4\">Celular <span class=\"wpforms-required-label\">*<\/span><\/label><input type=\"number\" pattern=\"\\d*\" id=\"wpforms-3249-field_4\" class=\"wpforms-field-medium wpforms-field-required\" name=\"wpforms[fields][4]\" required><\/div><div id=\"wpforms-3249-field_2-container\" class=\"wpforms-field wpforms-field-select wpforms-field-select-style-classic\" data-field-id=\"2\"><label class=\"wpforms-field-label\" for=\"wpforms-3249-field_2\">Choose Your Event Type <span class=\"wpforms-required-label\">*<\/span><\/label><select id=\"wpforms-3249-field_2\" class=\"wpforms-field-medium wpforms-field-required\" name=\"wpforms[fields][2]\" required=\"required\"><option value=\"Enterprise\" >Enterprise<\/option><option value=\"Wedding\" >Wedding<\/option><option value=\"Birthday\" >Cumplea\u00f1os<\/option><option value=\"Thematic Party\" >Thematic Party<\/option><option value=\"Catering\" >Catering<\/option><option value=\"Others\" >Others<\/option><\/select><\/div><div id=\"wpforms-3249-field_7-container\" class=\"wpforms-field wpforms-field-text\" data-field-id=\"7\"><label class=\"wpforms-field-label\" for=\"wpforms-3249-field_7\">Programa el Evento<\/label><input type=\"text\" id=\"wpforms-3249-field_7\" class=\"wpforms-field-medium\" name=\"wpforms[fields][7]\" ><\/div><div id=\"wpforms-3249-field_11-container\" class=\"wpforms-field wpforms-field-text\" data-field-id=\"11\"><label class=\"wpforms-field-label\" for=\"wpforms-3249-field_11\">Locacion<\/label><input type=\"text\" id=\"wpforms-3249-field_11\" class=\"wpforms-field-medium\" name=\"wpforms[fields][11]\" ><\/div><div id=\"wpforms-3249-field_5-container\" class=\"wpforms-field wpforms-field-textarea\" data-field-id=\"5\"><label class=\"wpforms-field-label\" for=\"wpforms-3249-field_5\">Event Description (Specifications) <span class=\"wpforms-required-label\">*<\/span><\/label><textarea id=\"wpforms-3249-field_5\" class=\"wpforms-field-medium wpforms-field-required\" name=\"wpforms[fields][5]\" required><\/textarea><\/div><div id=\"wpforms-3249-field_6-container\" class=\"wpforms-field wpforms-field-number-slider\" data-field-id=\"6\"><label class=\"wpforms-field-label\" for=\"wpforms-3249-field_6\">\u00bfCu\u00e1ntos invitados?<\/label>\n<input\n\ttype=\"range\"\n\tid=\"wpforms-3249-field_6\" class=\"wpforms-field-medium\" name=\"wpforms[fields][6]\" value=\"0\"\t\tmin=\"0\"\n\tmax=\"2000\"\n\tstep=\"1\">\n\n<div class=\"wpforms-field-number-slider-hint\"\n\tdata-hint=\"Quantity: {value}\">\n\tQuantity: <b>0<\/b><\/div>\n<\/div><\/div><!-- .wpforms-field-container --><div class=\"wpforms-submit-container\" ><input type=\"hidden\" name=\"wpforms[id]\" value=\"3249\"><input type=\"hidden\" name=\"wpforms[author]\" value=\"1\"><button type=\"submit\" name=\"wpforms[submit]\" id=\"wpforms-submit-3249\" class=\"wpforms-submit\" data-alt-text=\"Sending...\" data-submit-text=\"Send\" aria-live=\"assertive\" value=\"wpforms-submit\">Send<\/button><img loading=\"lazy\" decoding=\"async\" src=\"https:\/\/letsflowers.com\/wp-content\/plugins\/wpforms-lite\/assets\/images\/submit-spin.svg\" class=\"wpforms-submit-spinner\" style=\"display: none;\" width=\"26\" height=\"26\" alt=\"Cargando\"><\/div><input type=\"hidden\" name=\"trp-form-language\" value=\"es\"\/><\/form><\/div>  <!-- .wpforms-container -->","protected":false},"excerpt":{"rendered":"<p>Contact us to do your event<\/p>","protected":false},"author":1,"featured_media":0,"parent":0,"menu_order":0,"comment_status":"closed","ping_status":"closed","template":"","meta":{"_uag_custom_page_level_css":"","site-sidebar-layout":"default","site-content-layout":"","ast-site-content-layout":"default","site-content-style":"default","site-sidebar-style":"default","ast-global-header-display":"","ast-banner-title-visibility":"","ast-main-header-display":"","ast-hfb-above-header-display":"","ast-hfb-below-header-display":"","ast-hfb-mobile-header-display":"","site-post-title":"","ast-breadcrumbs-content":"","ast-featured-img":"","footer-sml-layout":"","theme-transparent-header-meta":"","adv-header-id-meta":"","stick-header-meta":"","header-above-stick-meta":"","header-main-stick-meta":"","header-below-stick-meta":"","astra-migrate-meta-layouts":"set","ast-page-background-enabled":"default","ast-page-background-meta":{"desktop":{"background-color":"var(--ast-global-color-4)","background-image":"","background-repeat":"repeat","background-position":"center center","background-size":"auto","background-attachment":"scroll","background-type":"","background-media":"","overlay-type":"","overlay-color":"","overlay-gradient":""},"tablet":{"background-color":"","background-image":"","background-repeat":"repeat","background-position":"center center","background-size":"auto","background-attachment":"scroll","background-type":"","background-media":"","overlay-type":"","overlay-color":"","overlay-gradient":""},"mobile":{"background-color":"","background-image":"","background-repeat":"repeat","background-position":"center center","background-size":"auto","background-attachment":"scroll","background-type":"","background-media":"","overlay-type":"","overlay-color":"","overlay-gradient":""}},"ast-content-background-meta":{"desktop":{"background-color":"var(--ast-global-color-5)","background-image":"","background-repeat":"repeat","background-position":"center center","background-size":"auto","background-attachment":"scroll","background-type":"","background-media":"","overlay-type":"","overlay-color":"","overlay-gradient":""},"tablet":{"background-color":"var(--ast-global-color-5)","background-image":"","background-repeat":"repeat","background-position":"center center","background-size":"auto","background-attachment":"scroll","background-type":"","background-media":"","overlay-type":"","overlay-color":"","overlay-gradient":""},"mobile":{"background-color":"var(--ast-global-color-5)","background-image":"","background-repeat":"repeat","background-position":"center center","background-size":"auto","background-attachment":"scroll","background-type":"","background-media":"","overlay-type":"","overlay-color":"","overlay-gradient":""}},"footnotes":"","_joinchat":[]},"jetpack_sharing_enabled":true,"uagb_featured_image_src":{"full":false,"thumbnail":false,"medium":false,"medium_large":false,"large":false,"1536x1536":false,"2048x2048":false,"trp-custom-language-flag":false,"woocommerce_thumbnail":false,"woocommerce_single":false,"woocommerce_gallery_thumbnail":false},"uagb_author_info":{"display_name":"remoterjob","author_link":"https:\/\/letsflowers.com\/es\/author\/remoterjob\/"},"uagb_comment_info":0,"uagb_excerpt":"Contact us to do your event","_links":{"self":[{"href":"https:\/\/letsflowers.com\/es\/wp-json\/wp\/v2\/pages\/2972"}],"collection":[{"href":"https:\/\/letsflowers.com\/es\/wp-json\/wp\/v2\/pages"}],"about":[{"href":"https:\/\/letsflowers.com\/es\/wp-json\/wp\/v2\/types\/page"}],"author":[{"embeddable":true,"href":"https:\/\/letsflowers.com\/es\/wp-json\/wp\/v2\/users\/1"}],"replies":[{"embeddable":true,"href":"https:\/\/letsflowers.com\/es\/wp-json\/wp\/v2\/comments?post=2972"}],"version-history":[{"count":28,"href":"https:\/\/letsflowers.com\/es\/wp-json\/wp\/v2\/pages\/2972\/revisions"}],"predecessor-version":[{"id":3381,"href":"https:\/\/letsflowers.com\/es\/wp-json\/wp\/v2\/pages\/2972\/revisions\/3381"}],"wp:attachment":[{"href":"https:\/\/letsflowers.com\/es\/wp-json\/wp\/v2\/media?parent=2972"}],"curies":[{"name":"wp","href":"https:\/\/api.w.org\/{rel}","templated":true}]}}